{"id":442,"date":"2025-08-01T19:53:47","date_gmt":"2025-08-01T16:53:47","guid":{"rendered":"https:\/\/gallika.org.gr\/?page_id=442"},"modified":"2025-09-09T11:33:35","modified_gmt":"2025-09-09T08:33:35","slug":"poioi-eimaste","status":"publish","type":"page","link":"https:\/\/gallika.org.gr\/fr\/poioi-eimaste\/","title":{"rendered":"\u00c0 propos de nous"},"content":{"rendered":"<div data-elementor-type=\"wp-page\" data-elementor-id=\"442\" class=\"elementor elementor-442\" data-elementor-post-type=\"page\">\n\t\t\t\t<div class=\"elementor-element elementor-element-4e82ff62 e-flex e-con-boxed e-con e-parent\" data-id=\"4e82ff62\" data-element_type=\"container\" data-e-type=\"container\" data-settings=\"{&quot;background_background&quot;:&quot;classic&quot;}\">\n\t\t\t\t\t<div class=\"e-con-inner\">\n\t\t\t\t<div class=\"elementor-element elementor-element-7a3abca2 elementor-widget elementor-widget-heading\" data-id=\"7a3abca2\" data-element_type=\"widget\" data-e-type=\"widget\" data-widget_type=\"heading.default\">\n\t\t\t\t\t<h3 class=\"elementor-heading-title elementor-size-default\">Docteur de l\u2019Universit\u00e9 de Gen\u00e8ve, Professeur de fran\u00e7ais<\/h3>\t\t\t\t<\/div>\n\t\t\t\t<div class=\"elementor-element elementor-element-4c33159b elementor-widget elementor-widget-heading\" data-id=\"4c33159b\" data-element_type=\"widget\" data-e-type=\"widget\" data-widget_type=\"heading.default\">\n\t\t\t\t\t<h1 class=\"elementor-heading-title elementor-size-default\">\u00c0 propos de nous<\/h1>\t\t\t\t<\/div>\n\t\t\t\t\t<\/div>\n\t\t\t\t<\/div>\n\t\t<div class=\"elementor-element elementor-element-2f655d5a e-con-full e-flex e-con e-parent\" data-id=\"2f655d5a\" data-element_type=\"container\" data-e-type=\"container\" data-settings=\"{&quot;background_background&quot;:&quot;classic&quot;}\">\n\t\t<div class=\"elementor-element elementor-element-15b4f9ac e-con-full e-flex e-con e-child\" data-id=\"15b4f9ac\" data-element_type=\"container\" data-e-type=\"container\">\n\t\t<div class=\"elementor-element elementor-element-2755f9f9 e-con-full e-flex e-con e-child\" data-id=\"2755f9f9\" data-element_type=\"container\" data-e-type=\"container\">\n\t\t\t\t<div class=\"elementor-element elementor-element-f9b42ee elementor-widget elementor-widget-image\" data-id=\"f9b42ee\" data-element_type=\"widget\" data-e-type=\"widget\" data-widget_type=\"image.default\">\n\t\t\t\t\t\t\t\t\t\t\t\t\t\t\t<img fetchpriority=\"high\" decoding=\"async\" width=\"800\" height=\"532\" src=\"https:\/\/gallika.org.gr\/wp-content\/uploads\/2025\/08\/eiffel-tower-1839974_1920-1024x681.jpg\" class=\"attachment-large size-large wp-image-538\" alt=\"\" srcset=\"https:\/\/gallika.org.gr\/wp-content\/uploads\/2025\/08\/eiffel-tower-1839974_1920-1024x681.jpg 1024w, https:\/\/gallika.org.gr\/wp-content\/uploads\/2025\/08\/eiffel-tower-1839974_1920-300x200.jpg 300w, https:\/\/gallika.org.gr\/wp-content\/uploads\/2025\/08\/eiffel-tower-1839974_1920-768x511.jpg 768w, https:\/\/gallika.org.gr\/wp-content\/uploads\/2025\/08\/eiffel-tower-1839974_1920-1536x1022.jpg 1536w, https:\/\/gallika.org.gr\/wp-content\/uploads\/2025\/08\/eiffel-tower-1839974_1920.jpg 1920w\" sizes=\"(max-width: 800px) 100vw, 800px\" \/>\t\t\t\t\t\t\t\t\t\t\t\t\t\t\t<\/div>\n\t\t\t\t<\/div>\n\t\t<div class=\"elementor-element elementor-element-4715a4fb e-con-full e-flex e-con e-child\" data-id=\"4715a4fb\" data-element_type=\"container\" data-e-type=\"container\">\n\t\t\t\t<div class=\"elementor-element elementor-element-44625758 elementor-widget__width-initial elementor-widget elementor-widget-text-editor\" data-id=\"44625758\" data-element_type=\"widget\" data-e-type=\"widget\" data-widget_type=\"text-editor.default\">\n\t\t\t\t\t\t\t\t\t<p class=\"translation-block\">La Communaut\u00e9 Gallika est un r\u00e9seau vivant et en constante \u00e9volution de personnes et d\u2019id\u00e9es, d\u00e9di\u00e9 \u00e0 l\u2019approfondissement de la langue, de la pens\u00e9e et de la culture fran\u00e7aises et grecques. La responsabilit\u00e9 scientifique et p\u00e9dagogique en incombe au Docteur de l\u2019Universit\u00e9 de Gen\u00e8ve, Nikolaos Papadatos, qui poss\u00e8de une longue exp\u00e9rience dans l\u2019enseignement et une sp\u00e9cialisation en linguistique, en litt\u00e9rature et en histoire contemporaine.<\/p><p class=\"translation-block\">Notre Communaut\u00e9 puise ses racines en Suisse, \u00e0 Paris, \u00e0 Londres, \u00e0 Moscou, \u00e0 Bruxelles et, bien s\u00fbr, en Gr\u00e8ce. Elle s\u2019est d\u00e9velopp\u00e9e autour du plurilinguisme, de l\u2019interculturalit\u00e9 et de l\u2019enseignement cibl\u00e9. Au c\u0153ur de cette d\u00e9marche se trouve un r\u00e9seau international d\u2019\u00e9tudiants, de professionnels, de m\u00e9decins, de juristes et de cadres d\u2019organisations internationales, qui abordent la francophonie non seulement comme un outil de communication, mais aussi comme un corps culturel vivant.<\/p><p class=\"translation-block\">Nous offrons des cours de haute qualit\u00e9 pour tous les \u00e2ges et tous les besoins \u2014 de la pr\u00e9paration aux certifications officielles (DELF, DALF, Sorbonne, ENA, Acad\u00e9mie diplomatique) \u00e0 des s\u00e9minaires sp\u00e9cialis\u00e9s pour les professionnels. Notre environnement \u00e9ducatif repose sur la m\u00e9thodologie dialectique, la culture litt\u00e9raire et la rigueur acad\u00e9mique, tout en encourageant la connexion interdisciplinaire des savoirs \u00e0 travers des noyaux th\u00e9matiques (niche learning circles) fonctionnant en ligne et interconnect\u00e9s \u00e0 l\u2019\u00e9chelle mondiale.<\/p><p class=\"translation-block\">Parall\u00e8lement, nous collaborons avec un r\u00e9seau de psychologues, de m\u00e9decins, de p\u00e9dagogues et de sp\u00e9cialistes, qui accompagnent notre d\u00e9marche visant \u00e0 offrir un enseignement de qualit\u00e9, adapt\u00e9 et centr\u00e9 sur l\u2019humain, destin\u00e9 aux enfants, aux adolescents et aux adultes.<\/p><p class=\"translation-block\">Dans la Communaut\u00e9 Gallika, la langue est une mani\u00e8re de penser, d\u2019agir et d\u2019entrer en relation avec l\u2019autre. Venez partager ce chemin avec nous.<\/p>\t\t\t\t\t\t\t\t<\/div>\n\t\t\t\t<\/div>\n\t\t\t\t<\/div>\n\t\t\t\t<\/div>\n\t\t\t\t<\/div>","protected":false},"excerpt":{"rendered":"<p>\u0394\u0399\u0394\u0391\u039a\u03a4\u03a9\u03a1 \u03a0\u0391\u039d\u0395\u03a0\u0399\u03a3\u03a4\u0397\u039c\u0399\u039f\u03a5 \u0393\u0395\u039d\u0395\u03a5\u0397\u03a3, \u039a\u0391\u0398\u0397\u0393\u0397\u03a4\u0397\u03a3 \u0393\u0391\u039b\u039b\u0399\u039a\u03a9\u039d \u0397 \u039a\u03bf\u03b9\u03bd\u03cc\u03c4\u03b7\u03c4\u03b1 Gallika \u03b5\u03af\u03bd\u03b1\u03b9 \u03ad\u03bd\u03b1 \u03b6\u03c9\u03bd\u03c4\u03b1\u03bd\u03cc \u03ba\u03b1\u03b9 \u03b4\u03b9\u03b1\u03c1\u03ba\u03ce\u03c2 \u03b5\u03be\u03b5\u03bb\u03b9\u03c3\u03c3\u03cc\u03bc\u03b5\u03bd\u03bf \u03b4\u03af\u03ba\u03c4\u03c5\u03bf \u03b1\u03bd\u03b8\u03c1\u03ce\u03c0\u03c9\u03bd \u03ba\u03b1\u03b9 \u03b9\u03b4\u03b5\u03ce\u03bd, \u03b1\u03c6\u03b9\u03b5\u03c1\u03c9\u03bc\u03ad\u03bd\u03bf \u03c3\u03c4\u03b7\u03bd \u03b5\u03bc\u03b2\u03ac\u03b8\u03c5\u03bd\u03c3\u03b7 \u03c4\u03b7\u03c2 \u03b3\u03b1\u03bb\u03bb\u03b9\u03ba\u03ae\u03c2 \u03ba\u03b1\u03b9 \u03b5\u03bb\u03bb\u03b7\u03bd\u03b9\u03ba\u03ae\u03c2 \u03b3\u03bb\u03ce\u03c3\u03c3\u03b1\u03c2, \u03c3\u03ba\u03ad\u03c8\u03b7\u03c2 \u03ba\u03b1\u03b9 \u03ba\u03bf\u03c5\u03bb\u03c4\u03bf\u03cd\u03c1\u03b1\u03c2. \u03a4\u03b7\u03bd \u03b5\u03c0\u03b9\u03c3\u03c4\u03b7\u03bc\u03bf\u03bd\u03b9\u03ba\u03ae \u03ba\u03b1\u03b9 \u03c0\u03b1\u03b9\u03b4\u03b1\u03b3\u03c9\u03b3\u03b9\u03ba\u03ae \u03b5\u03c5\u03b8\u03cd\u03bd\u03b7 \u03ad\u03c7\u03b5\u03b9 \u03bf \u0394\u03b9\u03b4\u03ac\u03ba\u03c4\u03c9\u03c1 \u03c4\u03bf\u03c5 \u03a0\u03b1\u03bd\u03b5\u03c0\u03b9\u03c3\u03c4\u03b7\u03bc\u03af\u03bf\u03c5 \u03c4\u03b7\u03c2 \u0393\u03b5\u03bd\u03b5\u03cd\u03b7\u03c2, \u039d\u03b9\u03ba\u03cc\u03bb\u03b1\u03bf\u03c2 \u03a0\u03b1\u03c0\u03b1\u03b4\u03ac\u03c4\u03bf\u03c2, \u03bc\u03b5 \u03c0\u03bf\u03bb\u03c5\u03b5\u03c4\u03ae \u03b5\u03bc\u03c0\u03b5\u03b9\u03c1\u03af\u03b1 \u03c3\u03c4\u03b7 \u03b4\u03b9\u03b4\u03b1\u03c3\u03ba\u03b1\u03bb\u03af\u03b1 \u03ba\u03b1\u03b9 \u03b5\u03be\u03b5\u03b9\u03b4\u03af\u03ba\u03b5\u03c5\u03c3\u03b7 \u03c3\u03c4\u03b7 \u03b3\u03bb\u03c9\u03c3\u03c3\u03bf\u03bb\u03bf\u03b3\u03af\u03b1, \u03c4\u03b7 \u03bb\u03bf\u03b3\u03bf\u03c4\u03b5\u03c7\u03bd\u03af\u03b1 \u03ba\u03b1\u03b9 [&hellip;]<\/p>","protected":false},"author":1,"featured_media":0,"parent":0,"menu_order":0,"comment_status":"closed","ping_status":"closed","template":"","meta":{"footnotes":""},"class_list":["post-442","page","type-page","status-publish","hentry"],"_links":{"self":[{"href":"https:\/\/gallika.org.gr\/fr\/wp-json\/wp\/v2\/pages\/442","targetHints":{"allow":["GET"]}}],"collection":[{"href":"https:\/\/gallika.org.gr\/fr\/wp-json\/wp\/v2\/pages"}],"about":[{"href":"https:\/\/gallika.org.gr\/fr\/wp-json\/wp\/v2\/types\/page"}],"author":[{"embeddable":true,"href":"https:\/\/gallika.org.gr\/fr\/wp-json\/wp\/v2\/users\/1"}],"replies":[{"embeddable":true,"href":"https:\/\/gallika.org.gr\/fr\/wp-json\/wp\/v2\/comments?post=442"}],"version-history":[{"count":19,"href":"https:\/\/gallika.org.gr\/fr\/wp-json\/wp\/v2\/pages\/442\/revisions"}],"predecessor-version":[{"id":881,"href":"https:\/\/gallika.org.gr\/fr\/wp-json\/wp\/v2\/pages\/442\/revisions\/881"}],"wp:attachment":[{"href":"https:\/\/gallika.org.gr\/fr\/wp-json\/wp\/v2\/media?parent=442"}],"curies":[{"name":"wp","href":"https:\/\/api.w.org\/{rel}","templated":true}]}}